{"id":5304,"date":"2022-06-16T08:36:49","date_gmt":"2022-06-16T08:36:49","guid":{"rendered":"https:\/\/baginbox.rs\/?page_id=5304"},"modified":"2022-06-16T08:39:29","modified_gmt":"2022-06-16T08:39:29","slug":"voda","status":"publish","type":"page","link":"https:\/\/baginbox.rs\/index.php\/voda\/","title":{"rendered":"VODA"},"content":{"rendered":"\t\t<div data-elementor-type=\"wp-page\" data-elementor-id=\"5304\" class=\"elementor elementor-5304\" data-elementor-post-type=\"page\">\n\t\t\t\t\t\t<section class=\"elementor-section elementor-top-section elementor-element elementor-element-10796089 elementor-section-boxed elementor-section-height-default elementor-section-height-default\" data-id=\"10796089\" data-element_type=\"section\" data-e-type=\"section\">\n\t\t\t\t\t\t<div class=\"elementor-container elementor-column-gap-default\">\n\t\t\t\t\t<div class=\"elementor-column elementor-col-50 elementor-top-column elementor-element elementor-element-20358025\" data-id=\"20358025\" data-element_type=\"column\" data-e-type=\"column\">\n\t\t\t<div class=\"elementor-widget-wrap elementor-element-populated\">\n\t\t\t\t\t\t<div class=\"elementor-element elementor-element-2e42e972 elementor-widget elementor-widget-heading\" data-id=\"2e42e972\" data-element_type=\"widget\" data-e-type=\"widget\" data-widget_type=\"heading.default\">\n\t\t\t\t<div class=\"elementor-widget-container\">\n\t\t\t\t\t<h2 class=\"elementor-heading-title elementor-size-default\">VODA<\/h2>\t\t\t\t<\/div>\n\t\t\t\t<\/div>\n\t\t\t\t<div class=\"elementor-element elementor-element-14ad4614 elementor-widget__width-auto elementor-invisible elementor-widget elementor-widget-image\" data-id=\"14ad4614\" data-element_type=\"widget\" data-e-type=\"widget\" data-settings=\"{&quot;_animation&quot;:&quot;fadeInUp&quot;}\" data-widget_type=\"image.default\">\n\t\t\t\t<div class=\"elementor-widget-container\">\n\t\t\t\t\t\t\t\t\t\t\t\t\t\t\t<img fetchpriority=\"high\" decoding=\"async\" width=\"546\" height=\"546\" src=\"https:\/\/baginbox.rs\/wp-content\/uploads\/2022\/06\/Bag-in-Box-Beverages-5.jpg\" class=\"attachment-full size-full wp-image-5230\" alt=\"\" srcset=\"https:\/\/baginbox.rs\/wp-content\/uploads\/2022\/06\/Bag-in-Box-Beverages-5.jpg 546w, https:\/\/baginbox.rs\/wp-content\/uploads\/2022\/06\/Bag-in-Box-Beverages-5-300x300.jpg 300w, https:\/\/baginbox.rs\/wp-content\/uploads\/2022\/06\/Bag-in-Box-Beverages-5-150x150.jpg 150w, https:\/\/baginbox.rs\/wp-content\/uploads\/2022\/06\/Bag-in-Box-Beverages-5-100x100.jpg 100w\" sizes=\"(max-width: 546px) 100vw, 546px\" \/>\t\t\t\t\t\t\t\t\t\t\t\t\t\t\t<\/div>\n\t\t\t\t<\/div>\n\t\t\t\t\t<\/div>\n\t\t<\/div>\n\t\t\t\t<div class=\"elementor-column elementor-col-50 elementor-top-column elementor-element elementor-element-631db260\" data-id=\"631db260\" data-element_type=\"column\" data-e-type=\"column\" data-settings=\"{&quot;background_background&quot;:&quot;classic&quot;}\">\n\t\t\t<div class=\"elementor-widget-wrap elementor-element-populated\">\n\t\t\t\t\t\t<section class=\"elementor-section elementor-inner-section elementor-element elementor-element-1fd8149a elementor-section-full_width elementor-section-height-default elementor-section-height-default\" data-id=\"1fd8149a\" data-element_type=\"section\" data-e-type=\"section\">\n\t\t\t\t\t\t<div class=\"elementor-container elementor-column-gap-no\">\n\t\t\t\t\t<div class=\"elementor-column elementor-col-100 elementor-inner-column elementor-element elementor-element-5d33579a\" data-id=\"5d33579a\" data-element_type=\"column\" data-e-type=\"column\">\n\t\t\t<div class=\"elementor-widget-wrap elementor-element-populated\">\n\t\t\t\t\t\t<div class=\"elementor-element elementor-element-7da7395e elementor-widget elementor-widget-heading\" data-id=\"7da7395e\" data-element_type=\"widget\" data-e-type=\"widget\" data-widget_type=\"heading.default\">\n\t\t\t\t<div class=\"elementor-widget-container\">\n\t\t\t\t\t<h2 class=\"elementor-heading-title elementor-size-default\">BAG-IN-BOX RE\u0160ENJA ZA VODU.\nUGOSTITELJSTVO I TR\u017dI\u0160TA USLU\u017dIVANJA HRANE.<\/h2>\t\t\t\t<\/div>\n\t\t\t\t<\/div>\n\t\t\t\t<div class=\"elementor-element elementor-element-450284ea elementor-widget elementor-widget-text-editor\" data-id=\"450284ea\" data-element_type=\"widget\" data-e-type=\"widget\" data-widget_type=\"text-editor.default\">\n\t\t\t\t<div class=\"elementor-widget-container\">\n\t\t\t\t\t\t\t\t\t<p>Zdravo Produkt predstavlja novu generaciju kesa za vodu, laganu jaku kesu za transport u te\u0161kim uslovima transporta, koristec\u0301i relativno malu koli\u010dinu sirovine (troslojni laminat) i na taj na\u010din ekolo\u0161ki prihvatljiviji. Kesa za providnu vodu zasnovana je na toplotnoj laminaciji \u2013 optimalnoj metodi za pakovanje te\u010dnosti koja obezbe\u0111uje veliku fleksibilnost, pobolj\u0161anu izdr\u017eljivost na ubode i smanjuje rizik od savijanja naprslina tokom transporta. Zajedno sa pobolj\u0161anim karakteristikama barijere i posvec\u0301eno\u0161c\u0301u visokom kvalitetu, Zdravo Produkt kese za vodu postale su po\u017eeljan proizvod na svetskom tr\u017ei\u0161tu.<\/p>\t\t\t\t\t\t\t\t<\/div>\n\t\t\t\t<\/div>\n\t\t\t\t\t<\/div>\n\t\t<\/div>\n\t\t\t\t\t<\/div>\n\t\t<\/section>\n\t\t\t\t\t<\/div>\n\t\t<\/div>\n\t\t\t\t\t<\/div>\n\t\t<\/section>\n\t\t\t\t<section class=\"elementor-section elementor-top-section elementor-element elementor-element-36b390b7 elementor-section-boxed elementor-section-height-default elementor-section-height-default\" data-id=\"36b390b7\" data-element_type=\"section\" data-e-type=\"section\" data-settings=\"{&quot;background_background&quot;:&quot;classic&quot;}\">\n\t\t\t\t\t\t<div class=\"elementor-container elementor-column-gap-default\">\n\t\t\t\t\t<div class=\"elementor-column elementor-col-100 elementor-top-column elementor-element elementor-element-5aa6e01b\" data-id=\"5aa6e01b\" data-element_type=\"column\" data-e-type=\"column\">\n\t\t\t<div class=\"elementor-widget-wrap elementor-element-populated\">\n\t\t\t\t\t\t<div class=\"elementor-element elementor-element-5d8e00c6 elementor-widget elementor-widget-image-gallery\" data-id=\"5d8e00c6\" data-element_type=\"widget\" data-e-type=\"widget\" data-widget_type=\"image-gallery.default\">\n\t\t\t\t<div class=\"elementor-widget-container\">\n\t\t\t\t\t\t\t<div class=\"elementor-image-gallery\">\n\t\t\t<div id='gallery-1' class='gallery galleryid-5304 gallery-columns-2 gallery-size-thumbnail'><figure class='gallery-item'>\n\t\t\t<div class='gallery-icon landscape'>\n\t\t\t\t<a data-elementor-open-lightbox=\"yes\" data-elementor-lightbox-slideshow=\"5d8e00c6\" data-elementor-lightbox-title=\"BD-843053-300x300\" data-e-action-hash=\"#elementor-action%3Aaction%3Dlightbox%26settings%3DeyJpZCI6NTMwOCwidXJsIjoiaHR0cHM6XC9cL2JhZ2luYm94LnJzXC93cC1jb250ZW50XC91cGxvYWRzXC8yMDIyXC8wNlwvQkQtODQzMDUzLTMwMHgzMDAtMS5qcGciLCJzbGlkZXNob3ciOiI1ZDhlMDBjNiJ9\" href='https:\/\/baginbox.rs\/wp-content\/uploads\/2022\/06\/BD-843053-300x300-1.jpg'><img decoding=\"async\" width=\"150\" height=\"150\" src=\"https:\/\/baginbox.rs\/wp-content\/uploads\/2022\/06\/BD-843053-300x300-1-150x150.jpg\" class=\"attachment-thumbnail size-thumbnail\" alt=\"\" srcset=\"https:\/\/baginbox.rs\/wp-content\/uploads\/2022\/06\/BD-843053-300x300-1-150x150.jpg 150w, https:\/\/baginbox.rs\/wp-content\/uploads\/2022\/06\/BD-843053-300x300-1.jpg 300w, https:\/\/baginbox.rs\/wp-content\/uploads\/2022\/06\/BD-843053-300x300-1-100x100.jpg 100w\" sizes=\"(max-width: 150px) 100vw, 150px\" \/><\/a>\n\t\t\t<\/div><\/figure><figure class='gallery-item'>\n\t\t\t<div class='gallery-icon landscape'>\n\t\t\t\t<a data-elementor-open-lightbox=\"yes\" data-elementor-lightbox-slideshow=\"5d8e00c6\" data-elementor-lightbox-title=\"Itap-Water-Tap-842110-300x300\" data-e-action-hash=\"#elementor-action%3Aaction%3Dlightbox%26settings%3DeyJpZCI6NTMwOSwidXJsIjoiaHR0cHM6XC9cL2JhZ2luYm94LnJzXC93cC1jb250ZW50XC91cGxvYWRzXC8yMDIyXC8wNlwvSXRhcC1XYXRlci1UYXAtODQyMTEwLTMwMHgzMDAtMS5qcGciLCJzbGlkZXNob3ciOiI1ZDhlMDBjNiJ9\" href='https:\/\/baginbox.rs\/wp-content\/uploads\/2022\/06\/Itap-Water-Tap-842110-300x300-1.jpg'><img decoding=\"async\" width=\"150\" height=\"150\" src=\"https:\/\/baginbox.rs\/wp-content\/uploads\/2022\/06\/Itap-Water-Tap-842110-300x300-1-150x150.jpg\" class=\"attachment-thumbnail size-thumbnail\" alt=\"\" srcset=\"https:\/\/baginbox.rs\/wp-content\/uploads\/2022\/06\/Itap-Water-Tap-842110-300x300-1-150x150.jpg 150w, https:\/\/baginbox.rs\/wp-content\/uploads\/2022\/06\/Itap-Water-Tap-842110-300x300-1.jpg 300w, https:\/\/baginbox.rs\/wp-content\/uploads\/2022\/06\/Itap-Water-Tap-842110-300x300-1-100x100.jpg 100w\" sizes=\"(max-width: 150px) 100vw, 150px\" \/><\/a>\n\t\t\t<\/div><\/figure>\n\t\t<\/div>\n\t\t<\/div>\n\t\t\t\t\t\t<\/div>\n\t\t\t\t<\/div>\n\t\t\t\t\t<\/div>\n\t\t<\/div>\n\t\t\t\t\t<\/div>\n\t\t<\/section>\n\t\t\t\t<\/div>\n\t\t","protected":false},"excerpt":{"rendered":"<p>VODA BAG-IN-BOX RE\u0160ENJA ZA VODU. UGOSTITELJSTVO I TR\u017dI\u0160TA USLU\u017dIVANJA HRANE. Zdravo Produkt predstavlja novu generaciju kesa za vodu, laganu jaku kesu za transport u te\u0161kim uslovima transporta, koristec\u0301i relativno malu koli\u010dinu sirovine (troslojni laminat) i na taj na\u010din ekolo\u0161ki prihvatljiviji. Kesa za providnu vodu zasnovana je na toplotnoj laminaciji \u2013 optimalnoj metodi za pakovanje te\u010dnosti [&hellip;]<\/p>\n","protected":false},"author":1,"featured_media":0,"parent":0,"menu_order":0,"comment_status":"closed","ping_status":"closed","template":"","meta":{"site-sidebar-layout":"no-sidebar","site-content-layout":"page-builder","ast-site-content-layout":"default","site-content-style":"default","site-sidebar-style":"default","ast-global-header-display":"","ast-banner-title-visibility":"","ast-main-header-display":"","ast-hfb-above-header-display":"","ast-hfb-below-header-display":"","ast-hfb-mobile-header-display":"","site-post-title":"disabled","ast-breadcrumbs-content":"","ast-featured-img":"disabled","footer-sml-layout":"","ast-disable-related-posts":"","theme-transparent-header-meta":"","adv-header-id-meta":"","stick-header-meta":"","header-above-stick-meta":"","header-main-stick-meta":"","header-below-stick-meta":"","astra-migrate-meta-layouts":"default","ast-page-background-enabled":"default","ast-page-background-meta":{"desktop":{"background-color":"","background-image":"","background-repeat":"repeat","background-position":"center center","background-size":"auto","background-attachment":"scroll","background-type":"","background-media":"","overlay-type":"","overlay-color":"","overlay-opacity":"","overlay-gradient":""},"tablet":{"background-color":"","background-image":"","background-repeat":"repeat","background-position":"center center","background-size":"auto","background-attachment":"scroll","background-type":"","background-media":"","overlay-type":"","overlay-color":"","overlay-opacity":"","overlay-gradient":""},"mobile":{"background-color":"","background-image":"","background-repeat":"repeat","background-position":"center center","background-size":"auto","background-attachment":"scroll","background-type":"","background-media":"","overlay-type":"","overlay-color":"","overlay-opacity":"","overlay-gradient":""}},"ast-content-background-meta":{"desktop":{"background-color":"var(--ast-global-color-5)","background-image":"","background-repeat":"repeat","background-position":"center center","background-size":"auto","background-attachment":"scroll","background-type":"","background-media":"","overlay-type":"","overlay-color":"","overlay-opacity":"","overlay-gradient":""},"tablet":{"background-color":"var(--ast-global-color-5)","background-image":"","background-repeat":"repeat","background-position":"center center","background-size":"auto","background-attachment":"scroll","background-type":"","background-media":"","overlay-type":"","overlay-color":"","overlay-opacity":"","overlay-gradient":""},"mobile":{"background-color":"var(--ast-global-color-5)","background-image":"","background-repeat":"repeat","background-position":"center center","background-size":"auto","background-attachment":"scroll","background-type":"","background-media":"","overlay-type":"","overlay-color":"","overlay-opacity":"","overlay-gradient":""}},"footnotes":""},"class_list":["post-5304","page","type-page","status-publish","hentry"],"_links":{"self":[{"href":"https:\/\/baginbox.rs\/index.php\/wp-json\/wp\/v2\/pages\/5304","targetHints":{"allow":["GET"]}}],"collection":[{"href":"https:\/\/baginbox.rs\/index.php\/wp-json\/wp\/v2\/pages"}],"about":[{"href":"https:\/\/baginbox.rs\/index.php\/wp-json\/wp\/v2\/types\/page"}],"author":[{"embeddable":true,"href":"https:\/\/baginbox.rs\/index.php\/wp-json\/wp\/v2\/users\/1"}],"replies":[{"embeddable":true,"href":"https:\/\/baginbox.rs\/index.php\/wp-json\/wp\/v2\/comments?post=5304"}],"version-history":[{"count":4,"href":"https:\/\/baginbox.rs\/index.php\/wp-json\/wp\/v2\/pages\/5304\/revisions"}],"predecessor-version":[{"id":5312,"href":"https:\/\/baginbox.rs\/index.php\/wp-json\/wp\/v2\/pages\/5304\/revisions\/5312"}],"wp:attachment":[{"href":"https:\/\/baginbox.rs\/index.php\/wp-json\/wp\/v2\/media?parent=5304"}],"curies":[{"name":"wp","href":"https:\/\/api.w.org\/{rel}","templated":true}]}}