{"id":5295,"date":"2022-06-16T08:34:33","date_gmt":"2022-06-16T08:34:33","guid":{"rendered":"https:\/\/baginbox.rs\/?page_id=5295"},"modified":"2022-06-24T08:36:57","modified_gmt":"2022-06-24T08:36:57","slug":"vina","status":"publish","type":"page","link":"https:\/\/baginbox.rs\/index.php\/vina\/","title":{"rendered":"Vina"},"content":{"rendered":"\t\t<div data-elementor-type=\"wp-page\" data-elementor-id=\"5295\" class=\"elementor elementor-5295\" data-elementor-post-type=\"page\">\n\t\t\t\t\t\t<section class=\"elementor-section elementor-top-section elementor-element elementor-element-3330539 elementor-section-boxed elementor-section-height-default elementor-section-height-default\" data-id=\"3330539\" data-element_type=\"section\" data-e-type=\"section\">\n\t\t\t\t\t\t<div class=\"elementor-container elementor-column-gap-default\">\n\t\t\t\t\t<div class=\"elementor-column elementor-col-50 elementor-top-column elementor-element elementor-element-15284997\" data-id=\"15284997\" data-element_type=\"column\" data-e-type=\"column\">\n\t\t\t<div class=\"elementor-widget-wrap elementor-element-populated\">\n\t\t\t\t\t\t<div class=\"elementor-element elementor-element-443eecd0 elementor-widget elementor-widget-heading\" data-id=\"443eecd0\" data-element_type=\"widget\" data-e-type=\"widget\" data-widget_type=\"heading.default\">\n\t\t\t\t<div class=\"elementor-widget-container\">\n\t\t\t\t\t<h2 class=\"elementor-heading-title elementor-size-default\">VINA<\/h2>\t\t\t\t<\/div>\n\t\t\t\t<\/div>\n\t\t\t\t<div class=\"elementor-element elementor-element-1ffa8f37 elementor-widget__width-auto elementor-invisible elementor-widget elementor-widget-image\" data-id=\"1ffa8f37\" data-element_type=\"widget\" data-e-type=\"widget\" data-settings=\"{&quot;_animation&quot;:&quot;fadeInUp&quot;}\" data-widget_type=\"image.default\">\n\t\t\t\t<div class=\"elementor-widget-container\">\n\t\t\t\t\t\t\t\t\t\t\t\t\t\t\t<img fetchpriority=\"high\" decoding=\"async\" width=\"400\" height=\"400\" src=\"https:\/\/baginbox.rs\/wp-content\/uploads\/2022\/06\/vino.png\" class=\"attachment-full size-full wp-image-5232\" alt=\"\" srcset=\"https:\/\/baginbox.rs\/wp-content\/uploads\/2022\/06\/vino.png 400w, https:\/\/baginbox.rs\/wp-content\/uploads\/2022\/06\/vino-300x300.png 300w, https:\/\/baginbox.rs\/wp-content\/uploads\/2022\/06\/vino-150x150.png 150w, https:\/\/baginbox.rs\/wp-content\/uploads\/2022\/06\/vino-100x100.png 100w\" sizes=\"(max-width: 400px) 100vw, 400px\" \/>\t\t\t\t\t\t\t\t\t\t\t\t\t\t\t<\/div>\n\t\t\t\t<\/div>\n\t\t\t\t\t<\/div>\n\t\t<\/div>\n\t\t\t\t<div class=\"elementor-column elementor-col-50 elementor-top-column elementor-element elementor-element-58ee5045\" data-id=\"58ee5045\" data-element_type=\"column\" data-e-type=\"column\" data-settings=\"{&quot;background_background&quot;:&quot;classic&quot;}\">\n\t\t\t<div class=\"elementor-widget-wrap elementor-element-populated\">\n\t\t\t\t\t\t<section class=\"elementor-section elementor-inner-section elementor-element elementor-element-289d868d elementor-section-full_width elementor-section-height-default elementor-section-height-default\" data-id=\"289d868d\" data-element_type=\"section\" data-e-type=\"section\">\n\t\t\t\t\t\t<div class=\"elementor-container elementor-column-gap-no\">\n\t\t\t\t\t<div class=\"elementor-column elementor-col-100 elementor-inner-column elementor-element elementor-element-730cf821\" data-id=\"730cf821\" data-element_type=\"column\" data-e-type=\"column\">\n\t\t\t<div class=\"elementor-widget-wrap elementor-element-populated\">\n\t\t\t\t\t\t<div class=\"elementor-element elementor-element-63a97486 elementor-widget elementor-widget-heading\" data-id=\"63a97486\" data-element_type=\"widget\" data-e-type=\"widget\" data-widget_type=\"heading.default\">\n\t\t\t\t<div class=\"elementor-widget-container\">\n\t\t\t\t\t<h2 class=\"elementor-heading-title elementor-size-default\">BAG-IN-BOX RE\u0160ENJA ZA VINA<\/h2>\t\t\t\t<\/div>\n\t\t\t\t<\/div>\n\t\t\t\t<div class=\"elementor-element elementor-element-61de792 elementor-widget elementor-widget-text-editor\" data-id=\"61de792\" data-element_type=\"widget\" data-e-type=\"widget\" data-widget_type=\"text-editor.default\">\n\t\t\t\t<div class=\"elementor-widget-container\">\n\t\t\t\t\t\t\t\t\t<p>B.I.B paketi za vino pokazuju sve vec\u0301u potra\u017enju na svetskom tr\u017ei\u0161tu. Ovo su kese dizajnirane za vino iz asortimana bag-in-box proizvoda, koje u velikoj meri koriste vodec\u0301e vinarije i proizvo\u0111a\u010di vina \u0161irom sveta. Zdravo Produkt je specijalizovan za razvoj i proizvodnju kesa namenjenih uglavnom za stona vina, domac\u0301a vina i vrhunska vina za domac\u0301e i institucionalno tr\u017ei\u0161te. Ovo je idealno pakovanje za restorane, hotele i ugostiteljske usluge zbog pogodnosti, prevoza i skladi\u0161tenja i kao paket koji \u010duva kvalitet vina omoguc\u0301avajuc\u0301i dugotrajnu jednostavnu i laku upotrebu. Proizvodi Zdravo Produkta za vinske kese nude se u razli\u010ditim zapreminama kesa i opremljeni su \u0161irokim spektrom prakti\u010dnih i efikasnih sistema za to\u010denje. Ovi sistemi spre\u010davaju prodiranje vazduha u pakovanje, \u0161to je neizbe\u017eno pri sipanju.<\/p>\t\t\t\t\t\t\t\t<\/div>\n\t\t\t\t<\/div>\n\t\t\t\t\t<\/div>\n\t\t<\/div>\n\t\t\t\t\t<\/div>\n\t\t<\/section>\n\t\t\t\t\t<\/div>\n\t\t<\/div>\n\t\t\t\t\t<\/div>\n\t\t<\/section>\n\t\t\t\t<section class=\"elementor-section elementor-top-section elementor-element elementor-element-24f2277e elementor-section-boxed elementor-section-height-default elementor-section-height-default\" data-id=\"24f2277e\" data-element_type=\"section\" data-e-type=\"section\" data-settings=\"{&quot;background_background&quot;:&quot;classic&quot;}\">\n\t\t\t\t\t\t<div class=\"elementor-container elementor-column-gap-default\">\n\t\t\t\t\t<div class=\"elementor-column elementor-col-100 elementor-top-column elementor-element elementor-element-43b47587\" data-id=\"43b47587\" data-element_type=\"column\" data-e-type=\"column\">\n\t\t\t<div class=\"elementor-widget-wrap elementor-element-populated\">\n\t\t\t\t\t\t<div class=\"elementor-element elementor-element-69f15bf5 elementor-widget elementor-widget-image-gallery\" data-id=\"69f15bf5\" data-element_type=\"widget\" data-e-type=\"widget\" data-widget_type=\"image-gallery.default\">\n\t\t\t\t<div class=\"elementor-widget-container\">\n\t\t\t\t\t\t\t<div class=\"elementor-image-gallery\">\n\t\t\t<div id='gallery-1' class='gallery galleryid-5295 gallery-columns-3 gallery-size-thumbnail'><figure class='gallery-item'>\n\t\t\t<div class='gallery-icon landscape'>\n\t\t\t\t<a data-elementor-open-lightbox=\"yes\" data-elementor-lightbox-slideshow=\"69f15bf5\" data-elementor-lightbox-title=\"Vitop-Dispenser-Connector-844046-300x300\" data-e-action-hash=\"#elementor-action%3Aaction%3Dlightbox%26settings%3DeyJpZCI6NTI5NywidXJsIjoiaHR0cHM6XC9cL2JhZ2luYm94LnJzXC93cC1jb250ZW50XC91cGxvYWRzXC8yMDIyXC8wNlwvVml0b3AtRGlzcGVuc2VyLUNvbm5lY3Rvci04NDQwNDYtMzAweDMwMC0xLmpwZyIsInNsaWRlc2hvdyI6IjY5ZjE1YmY1In0%3D\" href='https:\/\/baginbox.rs\/wp-content\/uploads\/2022\/06\/Vitop-Dispenser-Connector-844046-300x300-1.jpg'><img decoding=\"async\" width=\"150\" height=\"150\" src=\"https:\/\/baginbox.rs\/wp-content\/uploads\/2022\/06\/Vitop-Dispenser-Connector-844046-300x300-1-150x150.jpg\" class=\"attachment-thumbnail size-thumbnail\" alt=\"\" srcset=\"https:\/\/baginbox.rs\/wp-content\/uploads\/2022\/06\/Vitop-Dispenser-Connector-844046-300x300-1-150x150.jpg 150w, https:\/\/baginbox.rs\/wp-content\/uploads\/2022\/06\/Vitop-Dispenser-Connector-844046-300x300-1.jpg 300w, https:\/\/baginbox.rs\/wp-content\/uploads\/2022\/06\/Vitop-Dispenser-Connector-844046-300x300-1-100x100.jpg 100w\" sizes=\"(max-width: 150px) 100vw, 150px\" \/><\/a>\n\t\t\t<\/div><\/figure><figure class='gallery-item'>\n\t\t\t<div class='gallery-icon landscape'>\n\t\t\t\t<a data-elementor-open-lightbox=\"yes\" data-elementor-lightbox-slideshow=\"69f15bf5\" data-elementor-lightbox-title=\"Conro-Wine-Tap-Low-841009-300x300\" data-e-action-hash=\"#elementor-action%3Aaction%3Dlightbox%26settings%3DeyJpZCI6NTI5OSwidXJsIjoiaHR0cHM6XC9cL2JhZ2luYm94LnJzXC93cC1jb250ZW50XC91cGxvYWRzXC8yMDIyXC8wNlwvQ29ucm8tV2luZS1UYXAtTG93LTg0MTAwOS0zMDB4MzAwLTEuanBnIiwic2xpZGVzaG93IjoiNjlmMTViZjUifQ%3D%3D\" href='https:\/\/baginbox.rs\/wp-content\/uploads\/2022\/06\/Conro-Wine-Tap-Low-841009-300x300-1.jpg'><img decoding=\"async\" width=\"150\" height=\"150\" src=\"https:\/\/baginbox.rs\/wp-content\/uploads\/2022\/06\/Conro-Wine-Tap-Low-841009-300x300-1-150x150.jpg\" class=\"attachment-thumbnail size-thumbnail\" alt=\"\" srcset=\"https:\/\/baginbox.rs\/wp-content\/uploads\/2022\/06\/Conro-Wine-Tap-Low-841009-300x300-1-150x150.jpg 150w, https:\/\/baginbox.rs\/wp-content\/uploads\/2022\/06\/Conro-Wine-Tap-Low-841009-300x300-1.jpg 300w, https:\/\/baginbox.rs\/wp-content\/uploads\/2022\/06\/Conro-Wine-Tap-Low-841009-300x300-1-100x100.jpg 100w\" sizes=\"(max-width: 150px) 100vw, 150px\" \/><\/a>\n\t\t\t<\/div><\/figure><figure class='gallery-item'>\n\t\t\t<div class='gallery-icon landscape'>\n\t\t\t\t<a data-elementor-open-lightbox=\"yes\" data-elementor-lightbox-slideshow=\"69f15bf5\" data-elementor-lightbox-title=\"Itap-Wine-tap-842012-1-300x300\" data-e-action-hash=\"#elementor-action%3Aaction%3Dlightbox%26settings%3DeyJpZCI6NTMwMCwidXJsIjoiaHR0cHM6XC9cL2JhZ2luYm94LnJzXC93cC1jb250ZW50XC91cGxvYWRzXC8yMDIyXC8wNlwvSXRhcC1XaW5lLXRhcC04NDIwMTItMS0zMDB4MzAwLTEuanBnIiwic2xpZGVzaG93IjoiNjlmMTViZjUifQ%3D%3D\" href='https:\/\/baginbox.rs\/wp-content\/uploads\/2022\/06\/Itap-Wine-tap-842012-1-300x300-1.jpg'><img loading=\"lazy\" decoding=\"async\" width=\"150\" height=\"150\" src=\"https:\/\/baginbox.rs\/wp-content\/uploads\/2022\/06\/Itap-Wine-tap-842012-1-300x300-1-150x150.jpg\" class=\"attachment-thumbnail size-thumbnail\" alt=\"\" srcset=\"https:\/\/baginbox.rs\/wp-content\/uploads\/2022\/06\/Itap-Wine-tap-842012-1-300x300-1-150x150.jpg 150w, https:\/\/baginbox.rs\/wp-content\/uploads\/2022\/06\/Itap-Wine-tap-842012-1-300x300-1.jpg 300w, https:\/\/baginbox.rs\/wp-content\/uploads\/2022\/06\/Itap-Wine-tap-842012-1-300x300-1-100x100.jpg 100w\" sizes=\"(max-width: 150px) 100vw, 150px\" \/><\/a>\n\t\t\t<\/div><\/figure>\n\t\t<\/div>\n\t\t<\/div>\n\t\t\t\t\t\t<\/div>\n\t\t\t\t<\/div>\n\t\t\t\t\t<\/div>\n\t\t<\/div>\n\t\t\t\t\t<\/div>\n\t\t<\/section>\n\t\t\t\t<\/div>\n\t\t","protected":false},"excerpt":{"rendered":"<p>VINA BAG-IN-BOX RE\u0160ENJA ZA VINA B.I.B paketi za vino pokazuju sve vec\u0301u potra\u017enju na svetskom tr\u017ei\u0161tu. Ovo su kese dizajnirane za vino iz asortimana bag-in-box proizvoda, koje u velikoj meri koriste vodec\u0301e vinarije i proizvo\u0111a\u010di vina \u0161irom sveta. Zdravo Produkt je specijalizovan za razvoj i proizvodnju kesa namenjenih uglavnom za stona vina, domac\u0301a vina i [&hellip;]<\/p>\n","protected":false},"author":1,"featured_media":0,"parent":0,"menu_order":0,"comment_status":"closed","ping_status":"closed","template":"","meta":{"site-sidebar-layout":"no-sidebar","site-content-layout":"page-builder","ast-site-content-layout":"default","site-content-style":"default","site-sidebar-style":"default","ast-global-header-display":"","ast-banner-title-visibility":"","ast-main-header-display":"","ast-hfb-above-header-display":"","ast-hfb-below-header-display":"","ast-hfb-mobile-header-display":"","site-post-title":"disabled","ast-breadcrumbs-content":"","ast-featured-img":"disabled","footer-sml-layout":"","ast-disable-related-posts":"","theme-transparent-header-meta":"","adv-header-id-meta":"","stick-header-meta":"","header-above-stick-meta":"","header-main-stick-meta":"","header-below-stick-meta":"","astra-migrate-meta-layouts":"default","ast-page-background-enabled":"default","ast-page-background-meta":{"desktop":{"background-color":"","background-image":"","background-repeat":"repeat","background-position":"center center","background-size":"auto","background-attachment":"scroll","background-type":"","background-media":"","overlay-type":"","overlay-color":"","overlay-opacity":"","overlay-gradient":""},"tablet":{"background-color":"","background-image":"","background-repeat":"repeat","background-position":"center center","background-size":"auto","background-attachment":"scroll","background-type":"","background-media":"","overlay-type":"","overlay-color":"","overlay-opacity":"","overlay-gradient":""},"mobile":{"background-color":"","background-image":"","background-repeat":"repeat","background-position":"center center","background-size":"auto","background-attachment":"scroll","background-type":"","background-media":"","overlay-type":"","overlay-color":"","overlay-opacity":"","overlay-gradient":""}},"ast-content-background-meta":{"desktop":{"background-color":"var(--ast-global-color-5)","background-image":"","background-repeat":"repeat","background-position":"center center","background-size":"auto","background-attachment":"scroll","background-type":"","background-media":"","overlay-type":"","overlay-color":"","overlay-opacity":"","overlay-gradient":""},"tablet":{"background-color":"var(--ast-global-color-5)","background-image":"","background-repeat":"repeat","background-position":"center center","background-size":"auto","background-attachment":"scroll","background-type":"","background-media":"","overlay-type":"","overlay-color":"","overlay-opacity":"","overlay-gradient":""},"mobile":{"background-color":"var(--ast-global-color-5)","background-image":"","background-repeat":"repeat","background-position":"center center","background-size":"auto","background-attachment":"scroll","background-type":"","background-media":"","overlay-type":"","overlay-color":"","overlay-opacity":"","overlay-gradient":""}},"footnotes":""},"class_list":["post-5295","page","type-page","status-publish","hentry"],"_links":{"self":[{"href":"https:\/\/baginbox.rs\/index.php\/wp-json\/wp\/v2\/pages\/5295","targetHints":{"allow":["GET"]}}],"collection":[{"href":"https:\/\/baginbox.rs\/index.php\/wp-json\/wp\/v2\/pages"}],"about":[{"href":"https:\/\/baginbox.rs\/index.php\/wp-json\/wp\/v2\/types\/page"}],"author":[{"embeddable":true,"href":"https:\/\/baginbox.rs\/index.php\/wp-json\/wp\/v2\/users\/1"}],"replies":[{"embeddable":true,"href":"https:\/\/baginbox.rs\/index.php\/wp-json\/wp\/v2\/comments?post=5295"}],"version-history":[{"count":7,"href":"https:\/\/baginbox.rs\/index.php\/wp-json\/wp\/v2\/pages\/5295\/revisions"}],"predecessor-version":[{"id":5356,"href":"https:\/\/baginbox.rs\/index.php\/wp-json\/wp\/v2\/pages\/5295\/revisions\/5356"}],"wp:attachment":[{"href":"https:\/\/baginbox.rs\/index.php\/wp-json\/wp\/v2\/media?parent=5295"}],"curies":[{"name":"wp","href":"https:\/\/api.w.org\/{rel}","templated":true}]}}