{"id":5276,"date":"2022-06-16T08:25:35","date_gmt":"2022-06-16T08:25:35","guid":{"rendered":"https:\/\/baginbox.rs\/?page_id=5276"},"modified":"2022-06-24T08:37:55","modified_gmt":"2022-06-24T08:37:55","slug":"ulje","status":"publish","type":"page","link":"https:\/\/baginbox.rs\/index.php\/ulje\/","title":{"rendered":"Ulje"},"content":{"rendered":"\t\t<div data-elementor-type=\"wp-page\" data-elementor-id=\"5276\" class=\"elementor elementor-5276\" data-elementor-post-type=\"page\">\n\t\t\t\t\t\t<section class=\"elementor-section elementor-top-section elementor-element elementor-element-345e0916 elementor-section-boxed elementor-section-height-default elementor-section-height-default\" data-id=\"345e0916\" data-element_type=\"section\" data-e-type=\"section\">\n\t\t\t\t\t\t<div class=\"elementor-container elementor-column-gap-default\">\n\t\t\t\t\t<div class=\"elementor-column elementor-col-50 elementor-top-column elementor-element elementor-element-6d40f31a\" data-id=\"6d40f31a\" data-element_type=\"column\" data-e-type=\"column\">\n\t\t\t<div class=\"elementor-widget-wrap elementor-element-populated\">\n\t\t\t\t\t\t<div class=\"elementor-element elementor-element-7ec67217 elementor-widget elementor-widget-heading\" data-id=\"7ec67217\" data-element_type=\"widget\" data-e-type=\"widget\" data-widget_type=\"heading.default\">\n\t\t\t\t<div class=\"elementor-widget-container\">\n\t\t\t\t\t<h2 class=\"elementor-heading-title elementor-size-default\">Ulje<\/h2>\t\t\t\t<\/div>\n\t\t\t\t<\/div>\n\t\t\t\t<div class=\"elementor-element elementor-element-11777f88 elementor-widget__width-auto elementor-invisible elementor-widget elementor-widget-image\" data-id=\"11777f88\" data-element_type=\"widget\" data-e-type=\"widget\" data-settings=\"{&quot;_animation&quot;:&quot;fadeInUp&quot;}\" data-widget_type=\"image.default\">\n\t\t\t\t<div class=\"elementor-widget-container\">\n\t\t\t\t\t\t\t\t\t\t\t\t\t\t\t<img fetchpriority=\"high\" decoding=\"async\" width=\"400\" height=\"400\" src=\"https:\/\/baginbox.rs\/wp-content\/uploads\/2022\/06\/ulje.png\" class=\"attachment-full size-full wp-image-5233\" alt=\"\" srcset=\"https:\/\/baginbox.rs\/wp-content\/uploads\/2022\/06\/ulje.png 400w, https:\/\/baginbox.rs\/wp-content\/uploads\/2022\/06\/ulje-300x300.png 300w, https:\/\/baginbox.rs\/wp-content\/uploads\/2022\/06\/ulje-150x150.png 150w, https:\/\/baginbox.rs\/wp-content\/uploads\/2022\/06\/ulje-100x100.png 100w\" sizes=\"(max-width: 400px) 100vw, 400px\" \/>\t\t\t\t\t\t\t\t\t\t\t\t\t\t\t<\/div>\n\t\t\t\t<\/div>\n\t\t\t\t\t<\/div>\n\t\t<\/div>\n\t\t\t\t<div class=\"elementor-column elementor-col-50 elementor-top-column elementor-element elementor-element-4884e5a9\" data-id=\"4884e5a9\" data-element_type=\"column\" data-e-type=\"column\" data-settings=\"{&quot;background_background&quot;:&quot;classic&quot;}\">\n\t\t\t<div class=\"elementor-widget-wrap elementor-element-populated\">\n\t\t\t\t\t\t<section class=\"elementor-section elementor-inner-section elementor-element elementor-element-29f9dc98 elementor-section-full_width elementor-section-height-default elementor-section-height-default\" data-id=\"29f9dc98\" data-element_type=\"section\" data-e-type=\"section\">\n\t\t\t\t\t\t<div class=\"elementor-container elementor-column-gap-no\">\n\t\t\t\t\t<div class=\"elementor-column elementor-col-100 elementor-inner-column elementor-element elementor-element-2c97cabb\" data-id=\"2c97cabb\" data-element_type=\"column\" data-e-type=\"column\">\n\t\t\t<div class=\"elementor-widget-wrap elementor-element-populated\">\n\t\t\t\t\t\t<div class=\"elementor-element elementor-element-349e9f1c elementor-widget elementor-widget-heading\" data-id=\"349e9f1c\" data-element_type=\"widget\" data-e-type=\"widget\" data-widget_type=\"heading.default\">\n\t\t\t\t<div class=\"elementor-widget-container\">\n\t\t\t\t\t<h2 class=\"elementor-heading-title elementor-size-default\">BAG-IN-BOX RE\u0160ENJA ZA JESTIVO ULJE.\nUGOSTITELJSTVO I TR\u017dI\u0160TA USLU\u017dIVANJA HRANE.<\/h2>\t\t\t\t<\/div>\n\t\t\t\t<\/div>\n\t\t\t\t<div class=\"elementor-element elementor-element-69ea74bd elementor-widget elementor-widget-text-editor\" data-id=\"69ea74bd\" data-element_type=\"widget\" data-e-type=\"widget\" data-widget_type=\"text-editor.default\">\n\t\t\t\t<div class=\"elementor-widget-container\">\n\t\t\t\t\t\t\t\t\t<p>Pakovanje Bag-in-Box je idealno za ovu primenu i kese se mogu proizvoditi u razli\u010ditim veli\u010dinama u rasponu od 3 l do 20 l. Torba je napravljena od najlonskog laminata kako bi se spre\u010dilo znojenje i mo\u017ee se opremiti kapom za izlivanje koja je vidljiva od neovla\u0161c\u0301enog otvaranja. Ako je potrebno, vec\u0301e kese se mogu proizvesti sa odgovarajuc\u0301im izlivom.<\/p>\t\t\t\t\t\t\t\t<\/div>\n\t\t\t\t<\/div>\n\t\t\t\t\t<\/div>\n\t\t<\/div>\n\t\t\t\t\t<\/div>\n\t\t<\/section>\n\t\t\t\t\t<\/div>\n\t\t<\/div>\n\t\t\t\t\t<\/div>\n\t\t<\/section>\n\t\t\t\t<section class=\"elementor-section elementor-top-section elementor-element elementor-element-5b51f11a elementor-section-boxed elementor-section-height-default elementor-section-height-default\" data-id=\"5b51f11a\" data-element_type=\"section\" data-e-type=\"section\" data-settings=\"{&quot;background_background&quot;:&quot;classic&quot;}\">\n\t\t\t\t\t\t<div class=\"elementor-container elementor-column-gap-default\">\n\t\t\t\t\t<div class=\"elementor-column elementor-col-100 elementor-top-column elementor-element elementor-element-28f87c5b\" data-id=\"28f87c5b\" data-element_type=\"column\" data-e-type=\"column\">\n\t\t\t<div class=\"elementor-widget-wrap elementor-element-populated\">\n\t\t\t\t\t\t<div class=\"elementor-element elementor-element-f65a63b elementor-widget elementor-widget-image-gallery\" data-id=\"f65a63b\" data-element_type=\"widget\" data-e-type=\"widget\" data-widget_type=\"image-gallery.default\">\n\t\t\t\t<div class=\"elementor-widget-container\">\n\t\t\t\t\t\t\t<div class=\"elementor-image-gallery\">\n\t\t\t<div id='gallery-1' class='gallery galleryid-5276 gallery-columns-2 gallery-size-thumbnail'><figure class='gallery-item'>\n\t\t\t<div class='gallery-icon landscape'>\n\t\t\t\t<a data-elementor-open-lightbox=\"yes\" data-elementor-lightbox-slideshow=\"f65a63b\" data-elementor-lightbox-title=\"JDSY-8412123-300x300\" data-e-action-hash=\"#elementor-action%3Aaction%3Dlightbox%26settings%3DeyJpZCI6NTI2NSwidXJsIjoiaHR0cHM6XC9cL2JhZ2luYm94LnJzXC93cC1jb250ZW50XC91cGxvYWRzXC8yMDIyXC8wNlwvSkRTWS04NDEyMTIzLTMwMHgzMDAtMS5qcGciLCJzbGlkZXNob3ciOiJmNjVhNjNiIn0%3D\" href='https:\/\/baginbox.rs\/wp-content\/uploads\/2022\/06\/JDSY-8412123-300x300-1.jpg'><img decoding=\"async\" width=\"150\" height=\"150\" src=\"https:\/\/baginbox.rs\/wp-content\/uploads\/2022\/06\/JDSY-8412123-300x300-1-150x150.jpg\" class=\"attachment-thumbnail size-thumbnail\" alt=\"\" srcset=\"https:\/\/baginbox.rs\/wp-content\/uploads\/2022\/06\/JDSY-8412123-300x300-1-150x150.jpg 150w, https:\/\/baginbox.rs\/wp-content\/uploads\/2022\/06\/JDSY-8412123-300x300-1.jpg 300w, https:\/\/baginbox.rs\/wp-content\/uploads\/2022\/06\/JDSY-8412123-300x300-1-100x100.jpg 100w\" sizes=\"(max-width: 150px) 100vw, 150px\" \/><\/a>\n\t\t\t<\/div><\/figure><figure class='gallery-item'>\n\t\t\t<div class='gallery-icon landscape'>\n\t\t\t\t<a data-elementor-open-lightbox=\"yes\" data-elementor-lightbox-slideshow=\"f65a63b\" data-elementor-lightbox-title=\"Itap-oil-tap-842072-300x300\" data-e-action-hash=\"#elementor-action%3Aaction%3Dlightbox%26settings%3DeyJpZCI6NTI3OCwidXJsIjoiaHR0cHM6XC9cL2JhZ2luYm94LnJzXC93cC1jb250ZW50XC91cGxvYWRzXC8yMDIyXC8wNlwvSXRhcC1vaWwtdGFwLTg0MjA3Mi0zMDB4MzAwLTEuanBnIiwic2xpZGVzaG93IjoiZjY1YTYzYiJ9\" href='https:\/\/baginbox.rs\/wp-content\/uploads\/2022\/06\/Itap-oil-tap-842072-300x300-1.jpg'><img decoding=\"async\" width=\"150\" height=\"150\" src=\"https:\/\/baginbox.rs\/wp-content\/uploads\/2022\/06\/Itap-oil-tap-842072-300x300-1-150x150.jpg\" class=\"attachment-thumbnail size-thumbnail\" alt=\"\" srcset=\"https:\/\/baginbox.rs\/wp-content\/uploads\/2022\/06\/Itap-oil-tap-842072-300x300-1-150x150.jpg 150w, https:\/\/baginbox.rs\/wp-content\/uploads\/2022\/06\/Itap-oil-tap-842072-300x300-1.jpg 300w, https:\/\/baginbox.rs\/wp-content\/uploads\/2022\/06\/Itap-oil-tap-842072-300x300-1-100x100.jpg 100w\" sizes=\"(max-width: 150px) 100vw, 150px\" \/><\/a>\n\t\t\t<\/div><\/figure>\n\t\t<\/div>\n\t\t<\/div>\n\t\t\t\t\t\t<\/div>\n\t\t\t\t<\/div>\n\t\t\t\t\t<\/div>\n\t\t<\/div>\n\t\t\t\t\t<\/div>\n\t\t<\/section>\n\t\t\t\t<\/div>\n\t\t","protected":false},"excerpt":{"rendered":"<p>Ulje BAG-IN-BOX RE\u0160ENJA ZA JESTIVO ULJE. UGOSTITELJSTVO I TR\u017dI\u0160TA USLU\u017dIVANJA HRANE. Pakovanje Bag-in-Box je idealno za ovu primenu i kese se mogu proizvoditi u razli\u010ditim veli\u010dinama u rasponu od 3 l do 20 l. Torba je napravljena od najlonskog laminata kako bi se spre\u010dilo znojenje i mo\u017ee se opremiti kapom za izlivanje koja je vidljiva [&hellip;]<\/p>\n","protected":false},"author":1,"featured_media":0,"parent":0,"menu_order":0,"comment_status":"closed","ping_status":"closed","template":"","meta":{"site-sidebar-layout":"no-sidebar","site-content-layout":"page-builder","ast-site-content-layout":"default","site-content-style":"default","site-sidebar-style":"default","ast-global-header-display":"","ast-banner-title-visibility":"","ast-main-header-display":"","ast-hfb-above-header-display":"","ast-hfb-below-header-display":"","ast-hfb-mobile-header-display":"","site-post-title":"disabled","ast-breadcrumbs-content":"","ast-featured-img":"disabled","footer-sml-layout":"","ast-disable-related-posts":"","theme-transparent-header-meta":"","adv-header-id-meta":"","stick-header-meta":"","header-above-stick-meta":"","header-main-stick-meta":"","header-below-stick-meta":"","astra-migrate-meta-layouts":"default","ast-page-background-enabled":"default","ast-page-background-meta":{"desktop":{"background-color":"","background-image":"","background-repeat":"repeat","background-position":"center center","background-size":"auto","background-attachment":"scroll","background-type":"","background-media":"","overlay-type":"","overlay-color":"","overlay-opacity":"","overlay-gradient":""},"tablet":{"background-color":"","background-image":"","background-repeat":"repeat","background-position":"center center","background-size":"auto","background-attachment":"scroll","background-type":"","background-media":"","overlay-type":"","overlay-color":"","overlay-opacity":"","overlay-gradient":""},"mobile":{"background-color":"","background-image":"","background-repeat":"repeat","background-position":"center center","background-size":"auto","background-attachment":"scroll","background-type":"","background-media":"","overlay-type":"","overlay-color":"","overlay-opacity":"","overlay-gradient":""}},"ast-content-background-meta":{"desktop":{"background-color":"var(--ast-global-color-5)","background-image":"","background-repeat":"repeat","background-position":"center center","background-size":"auto","background-attachment":"scroll","background-type":"","background-media":"","overlay-type":"","overlay-color":"","overlay-opacity":"","overlay-gradient":""},"tablet":{"background-color":"var(--ast-global-color-5)","background-image":"","background-repeat":"repeat","background-position":"center center","background-size":"auto","background-attachment":"scroll","background-type":"","background-media":"","overlay-type":"","overlay-color":"","overlay-opacity":"","overlay-gradient":""},"mobile":{"background-color":"var(--ast-global-color-5)","background-image":"","background-repeat":"repeat","background-position":"center center","background-size":"auto","background-attachment":"scroll","background-type":"","background-media":"","overlay-type":"","overlay-color":"","overlay-opacity":"","overlay-gradient":""}},"footnotes":""},"class_list":["post-5276","page","type-page","status-publish","hentry"],"_links":{"self":[{"href":"https:\/\/baginbox.rs\/index.php\/wp-json\/wp\/v2\/pages\/5276","targetHints":{"allow":["GET"]}}],"collection":[{"href":"https:\/\/baginbox.rs\/index.php\/wp-json\/wp\/v2\/pages"}],"about":[{"href":"https:\/\/baginbox.rs\/index.php\/wp-json\/wp\/v2\/types\/page"}],"author":[{"embeddable":true,"href":"https:\/\/baginbox.rs\/index.php\/wp-json\/wp\/v2\/users\/1"}],"replies":[{"embeddable":true,"href":"https:\/\/baginbox.rs\/index.php\/wp-json\/wp\/v2\/comments?post=5276"}],"version-history":[{"count":7,"href":"https:\/\/baginbox.rs\/index.php\/wp-json\/wp\/v2\/pages\/5276\/revisions"}],"predecessor-version":[{"id":5359,"href":"https:\/\/baginbox.rs\/index.php\/wp-json\/wp\/v2\/pages\/5276\/revisions\/5359"}],"wp:attachment":[{"href":"https:\/\/baginbox.rs\/index.php\/wp-json\/wp\/v2\/media?parent=5276"}],"curies":[{"name":"wp","href":"https:\/\/api.w.org\/{rel}","templated":true}]}}