{"id":5253,"date":"2022-06-16T08:09:19","date_gmt":"2022-06-16T08:09:19","guid":{"rendered":"https:\/\/baginbox.rs\/?page_id=5253"},"modified":"2022-06-24T08:44:26","modified_gmt":"2022-06-24T08:44:26","slug":"jaja","status":"publish","type":"page","link":"https:\/\/baginbox.rs\/index.php\/jaja\/","title":{"rendered":"Jaja"},"content":{"rendered":"\t\t<div data-elementor-type=\"wp-page\" data-elementor-id=\"5253\" class=\"elementor elementor-5253\" data-elementor-post-type=\"page\">\n\t\t\t\t\t\t<section class=\"elementor-section elementor-top-section elementor-element elementor-element-5abfd6e elementor-section-boxed elementor-section-height-default elementor-section-height-default\" data-id=\"5abfd6e\" data-element_type=\"section\" data-e-type=\"section\">\n\t\t\t\t\t\t<div class=\"elementor-container elementor-column-gap-default\">\n\t\t\t\t\t<div class=\"elementor-column elementor-col-50 elementor-top-column elementor-element elementor-element-3fd7a2a3\" data-id=\"3fd7a2a3\" data-element_type=\"column\" data-e-type=\"column\">\n\t\t\t<div class=\"elementor-widget-wrap elementor-element-populated\">\n\t\t\t\t\t\t<div class=\"elementor-element elementor-element-67499c7 elementor-widget elementor-widget-heading\" data-id=\"67499c7\" data-element_type=\"widget\" data-e-type=\"widget\" data-widget_type=\"heading.default\">\n\t\t\t\t<div class=\"elementor-widget-container\">\n\t\t\t\t\t<h2 class=\"elementor-heading-title elementor-size-default\">TE\u010cNA JAJA<\/h2>\t\t\t\t<\/div>\n\t\t\t\t<\/div>\n\t\t\t\t<div class=\"elementor-element elementor-element-5a9f4969 elementor-widget__width-auto elementor-invisible elementor-widget elementor-widget-image\" data-id=\"5a9f4969\" data-element_type=\"widget\" data-e-type=\"widget\" data-settings=\"{&quot;_animation&quot;:&quot;fadeInUp&quot;}\" data-widget_type=\"image.default\">\n\t\t\t\t<div class=\"elementor-widget-container\">\n\t\t\t\t\t\t\t\t\t\t\t\t\t\t\t<img fetchpriority=\"high\" decoding=\"async\" width=\"420\" height=\"420\" src=\"https:\/\/baginbox.rs\/wp-content\/uploads\/2022\/06\/5c06b9c5c4bbb.jpg\" class=\"attachment-full size-full wp-image-5260\" alt=\"\" srcset=\"https:\/\/baginbox.rs\/wp-content\/uploads\/2022\/06\/5c06b9c5c4bbb.jpg 420w, https:\/\/baginbox.rs\/wp-content\/uploads\/2022\/06\/5c06b9c5c4bbb-300x300.jpg 300w, https:\/\/baginbox.rs\/wp-content\/uploads\/2022\/06\/5c06b9c5c4bbb-150x150.jpg 150w, https:\/\/baginbox.rs\/wp-content\/uploads\/2022\/06\/5c06b9c5c4bbb-100x100.jpg 100w\" sizes=\"(max-width: 420px) 100vw, 420px\" \/>\t\t\t\t\t\t\t\t\t\t\t\t\t\t\t<\/div>\n\t\t\t\t<\/div>\n\t\t\t\t\t<\/div>\n\t\t<\/div>\n\t\t\t\t<div class=\"elementor-column elementor-col-50 elementor-top-column elementor-element elementor-element-56630484\" data-id=\"56630484\" data-element_type=\"column\" data-e-type=\"column\" data-settings=\"{&quot;background_background&quot;:&quot;classic&quot;}\">\n\t\t\t<div class=\"elementor-widget-wrap elementor-element-populated\">\n\t\t\t\t\t\t<section class=\"elementor-section elementor-inner-section elementor-element elementor-element-1e48aaf7 elementor-section-full_width elementor-section-height-default elementor-section-height-default\" data-id=\"1e48aaf7\" data-element_type=\"section\" data-e-type=\"section\">\n\t\t\t\t\t\t<div class=\"elementor-container elementor-column-gap-no\">\n\t\t\t\t\t<div class=\"elementor-column elementor-col-100 elementor-inner-column elementor-element elementor-element-75406ba8\" data-id=\"75406ba8\" data-element_type=\"column\" data-e-type=\"column\">\n\t\t\t<div class=\"elementor-widget-wrap elementor-element-populated\">\n\t\t\t\t\t\t<div class=\"elementor-element elementor-element-5a0cd48 elementor-widget elementor-widget-heading\" data-id=\"5a0cd48\" data-element_type=\"widget\" data-e-type=\"widget\" data-widget_type=\"heading.default\">\n\t\t\t\t<div class=\"elementor-widget-container\">\n\t\t\t\t\t<h2 class=\"elementor-heading-title elementor-size-default\">BAG-IN-BOX RE\u0160ENJA ZA JAJA.\nUGOSTITELJSTVO I TR\u017dI\u0160TA USLU\u017dIVANJA HRANE.<\/h2>\t\t\t\t<\/div>\n\t\t\t\t<\/div>\n\t\t\t\t<div class=\"elementor-element elementor-element-88c6a75 elementor-widget elementor-widget-text-editor\" data-id=\"88c6a75\" data-element_type=\"widget\" data-e-type=\"widget\" data-widget_type=\"text-editor.default\">\n\t\t\t\t<div class=\"elementor-widget-container\">\n\t\t\t\t\t\t\t\t\t<p>Inovativno re\u0161enje za rastuc\u0301u potra\u017enju za te\u010dnim jajima na industrijskom tr\u017ei\u0161tu. Pakovanje je asepti\u010dno \u0161to obezbe\u0111uje 4 nedelje trajanja na 4\u00ba C. Kesa je ili metalizovana ili PE materijal i mo\u017ee se proizvoditi sa razli\u010ditim opremama prema potrebama kupca. Zdravo Produkt proizvodi ove kese od 3 l do 20 l u PE, MET PET ili EVOH prema potrebi.<\/p>\t\t\t\t\t\t\t\t<\/div>\n\t\t\t\t<\/div>\n\t\t\t\t\t<\/div>\n\t\t<\/div>\n\t\t\t\t\t<\/div>\n\t\t<\/section>\n\t\t\t\t\t<\/div>\n\t\t<\/div>\n\t\t\t\t\t<\/div>\n\t\t<\/section>\n\t\t\t\t<section class=\"elementor-section elementor-top-section elementor-element elementor-element-fc639ed elementor-section-boxed elementor-section-height-default elementor-section-height-default\" data-id=\"fc639ed\" data-element_type=\"section\" data-e-type=\"section\" data-settings=\"{&quot;background_background&quot;:&quot;classic&quot;}\">\n\t\t\t\t\t\t<div class=\"elementor-container elementor-column-gap-default\">\n\t\t\t\t\t<div class=\"elementor-column elementor-col-100 elementor-top-column elementor-element elementor-element-37470e2\" data-id=\"37470e2\" data-element_type=\"column\" data-e-type=\"column\">\n\t\t\t<div class=\"elementor-widget-wrap elementor-element-populated\">\n\t\t\t\t\t\t<div class=\"elementor-element elementor-element-4e18a30 elementor-widget elementor-widget-image-gallery\" data-id=\"4e18a30\" data-element_type=\"widget\" data-e-type=\"widget\" data-widget_type=\"image-gallery.default\">\n\t\t\t\t<div class=\"elementor-widget-container\">\n\t\t\t\t\t\t\t<div class=\"elementor-image-gallery\">\n\t\t\t<div id='gallery-1' class='gallery galleryid-5253 gallery-columns-1 gallery-size-thumbnail'><figure class='gallery-item'>\n\t\t\t<div class='gallery-icon landscape'>\n\t\t\t\t<a data-elementor-open-lightbox=\"yes\" data-elementor-lightbox-slideshow=\"4e18a30\" data-elementor-lightbox-title=\"PCSS-943133-300x300\" data-e-action-hash=\"#elementor-action%3Aaction%3Dlightbox%26settings%3DeyJpZCI6NTMxOSwidXJsIjoiaHR0cHM6XC9cL2JhZ2luYm94LnJzXC93cC1jb250ZW50XC91cGxvYWRzXC8yMDIyXC8wNlwvUENTUy05NDMxMzMtMzAweDMwMC0xLmpwZyIsInNsaWRlc2hvdyI6IjRlMThhMzAifQ%3D%3D\" href='https:\/\/baginbox.rs\/wp-content\/uploads\/2022\/06\/PCSS-943133-300x300-1.jpg'><img decoding=\"async\" width=\"150\" height=\"150\" src=\"https:\/\/baginbox.rs\/wp-content\/uploads\/2022\/06\/PCSS-943133-300x300-1-150x150.jpg\" class=\"attachment-thumbnail size-thumbnail\" alt=\"\" srcset=\"https:\/\/baginbox.rs\/wp-content\/uploads\/2022\/06\/PCSS-943133-300x300-1-150x150.jpg 150w, https:\/\/baginbox.rs\/wp-content\/uploads\/2022\/06\/PCSS-943133-300x300-1.jpg 300w, https:\/\/baginbox.rs\/wp-content\/uploads\/2022\/06\/PCSS-943133-300x300-1-100x100.jpg 100w\" sizes=\"(max-width: 150px) 100vw, 150px\" \/><\/a>\n\t\t\t<\/div><\/figure>\n\t\t<\/div>\n\t\t<\/div>\n\t\t\t\t\t\t<\/div>\n\t\t\t\t<\/div>\n\t\t\t\t\t<\/div>\n\t\t<\/div>\n\t\t\t\t\t<\/div>\n\t\t<\/section>\n\t\t\t\t<\/div>\n\t\t","protected":false},"excerpt":{"rendered":"<p>TE\u010cNA JAJA BAG-IN-BOX RE\u0160ENJA ZA JAJA. UGOSTITELJSTVO I TR\u017dI\u0160TA USLU\u017dIVANJA HRANE. Inovativno re\u0161enje za rastuc\u0301u potra\u017enju za te\u010dnim jajima na industrijskom tr\u017ei\u0161tu. Pakovanje je asepti\u010dno \u0161to obezbe\u0111uje 4 nedelje trajanja na 4\u00ba C. Kesa je ili metalizovana ili PE materijal i mo\u017ee se proizvoditi sa razli\u010ditim opremama prema potrebama kupca. Zdravo Produkt proizvodi ove kese [&hellip;]<\/p>\n","protected":false},"author":1,"featured_media":0,"parent":0,"menu_order":0,"comment_status":"closed","ping_status":"closed","template":"","meta":{"site-sidebar-layout":"no-sidebar","site-content-layout":"page-builder","ast-site-content-layout":"default","site-content-style":"default","site-sidebar-style":"default","ast-global-header-display":"","ast-banner-title-visibility":"","ast-main-header-display":"","ast-hfb-above-header-display":"","ast-hfb-below-header-display":"","ast-hfb-mobile-header-display":"","site-post-title":"disabled","ast-breadcrumbs-content":"","ast-featured-img":"disabled","footer-sml-layout":"","ast-disable-related-posts":"","theme-transparent-header-meta":"","adv-header-id-meta":"","stick-header-meta":"","header-above-stick-meta":"","header-main-stick-meta":"","header-below-stick-meta":"","astra-migrate-meta-layouts":"default","ast-page-background-enabled":"default","ast-page-background-meta":{"desktop":{"background-color":"","background-image":"","background-repeat":"repeat","background-position":"center center","background-size":"auto","background-attachment":"scroll","background-type":"","background-media":"","overlay-type":"","overlay-color":"","overlay-opacity":"","overlay-gradient":""},"tablet":{"background-color":"","background-image":"","background-repeat":"repeat","background-position":"center center","background-size":"auto","background-attachment":"scroll","background-type":"","background-media":"","overlay-type":"","overlay-color":"","overlay-opacity":"","overlay-gradient":""},"mobile":{"background-color":"","background-image":"","background-repeat":"repeat","background-position":"center center","background-size":"auto","background-attachment":"scroll","background-type":"","background-media":"","overlay-type":"","overlay-color":"","overlay-opacity":"","overlay-gradient":""}},"ast-content-background-meta":{"desktop":{"background-color":"var(--ast-global-color-5)","background-image":"","background-repeat":"repeat","background-position":"center center","background-size":"auto","background-attachment":"scroll","background-type":"","background-media":"","overlay-type":"","overlay-color":"","overlay-opacity":"","overlay-gradient":""},"tablet":{"background-color":"var(--ast-global-color-5)","background-image":"","background-repeat":"repeat","background-position":"center center","background-size":"auto","background-attachment":"scroll","background-type":"","background-media":"","overlay-type":"","overlay-color":"","overlay-opacity":"","overlay-gradient":""},"mobile":{"background-color":"var(--ast-global-color-5)","background-image":"","background-repeat":"repeat","background-position":"center center","background-size":"auto","background-attachment":"scroll","background-type":"","background-media":"","overlay-type":"","overlay-color":"","overlay-opacity":"","overlay-gradient":""}},"footnotes":""},"class_list":["post-5253","page","type-page","status-publish","hentry"],"_links":{"self":[{"href":"https:\/\/baginbox.rs\/index.php\/wp-json\/wp\/v2\/pages\/5253","targetHints":{"allow":["GET"]}}],"collection":[{"href":"https:\/\/baginbox.rs\/index.php\/wp-json\/wp\/v2\/pages"}],"about":[{"href":"https:\/\/baginbox.rs\/index.php\/wp-json\/wp\/v2\/types\/page"}],"author":[{"embeddable":true,"href":"https:\/\/baginbox.rs\/index.php\/wp-json\/wp\/v2\/users\/1"}],"replies":[{"embeddable":true,"href":"https:\/\/baginbox.rs\/index.php\/wp-json\/wp\/v2\/comments?post=5253"}],"version-history":[{"count":7,"href":"https:\/\/baginbox.rs\/index.php\/wp-json\/wp\/v2\/pages\/5253\/revisions"}],"predecessor-version":[{"id":5362,"href":"https:\/\/baginbox.rs\/index.php\/wp-json\/wp\/v2\/pages\/5253\/revisions\/5362"}],"wp:attachment":[{"href":"https:\/\/baginbox.rs\/index.php\/wp-json\/wp\/v2\/media?parent=5253"}],"curies":[{"name":"wp","href":"https:\/\/api.w.org\/{rel}","templated":true}]}}