{"id":5121,"date":"2022-06-08T11:14:29","date_gmt":"2022-06-08T11:14:29","guid":{"rendered":"https:\/\/baginbox.rs\/?page_id=5121"},"modified":"2022-06-14T07:03:00","modified_gmt":"2022-06-14T07:03:00","slug":"bag-in-box-ambalaza","status":"publish","type":"page","link":"https:\/\/baginbox.rs\/index.php\/bag-in-box-ambalaza\/","title":{"rendered":"Bag in Box Ambala\u017ea"},"content":{"rendered":"\t\t<div data-elementor-type=\"wp-page\" data-elementor-id=\"5121\" class=\"elementor elementor-5121\" data-elementor-post-type=\"page\">\n\t\t\t\t\t\t<section class=\"elementor-section elementor-top-section elementor-element elementor-element-b37070e elementor-section-content-middle elementor-reverse-mobile elementor-section-boxed elementor-section-height-default elementor-section-height-default\" data-id=\"b37070e\" data-element_type=\"section\" data-e-type=\"section\" data-settings=\"{&quot;background_background&quot;:&quot;gradient&quot;}\">\n\t\t\t\t\t\t\t<div class=\"elementor-background-overlay\"><\/div>\n\t\t\t\t\t\t\t<div class=\"elementor-container elementor-column-gap-default\">\n\t\t\t\t\t<div class=\"elementor-column elementor-col-50 elementor-top-column elementor-element elementor-element-7aaeb608\" data-id=\"7aaeb608\" data-element_type=\"column\" data-e-type=\"column\">\n\t\t\t<div class=\"elementor-widget-wrap elementor-element-populated\">\n\t\t\t\t\t\t<div class=\"elementor-element elementor-element-134634e2 elementor-widget elementor-widget-image\" data-id=\"134634e2\" data-element_type=\"widget\" data-e-type=\"widget\" data-widget_type=\"image.default\">\n\t\t\t\t<div class=\"elementor-widget-container\">\n\t\t\t\t\t\t\t\t\t\t\t\t\t\t\t<img fetchpriority=\"high\" decoding=\"async\" width=\"586\" height=\"426\" src=\"https:\/\/baginbox.rs\/wp-content\/uploads\/2022\/06\/bag-n-box-removebg-preview.png\" class=\"attachment-full size-full wp-image-5130\" alt=\"\" srcset=\"https:\/\/baginbox.rs\/wp-content\/uploads\/2022\/06\/bag-n-box-removebg-preview.png 586w, https:\/\/baginbox.rs\/wp-content\/uploads\/2022\/06\/bag-n-box-removebg-preview-300x218.png 300w\" sizes=\"(max-width: 586px) 100vw, 586px\" \/>\t\t\t\t\t\t\t\t\t\t\t\t\t\t\t<\/div>\n\t\t\t\t<\/div>\n\t\t\t\t\t<\/div>\n\t\t<\/div>\n\t\t\t\t<div class=\"elementor-column elementor-col-50 elementor-top-column elementor-element elementor-element-7df01f48\" data-id=\"7df01f48\" data-element_type=\"column\" data-e-type=\"column\">\n\t\t\t<div class=\"elementor-widget-wrap elementor-element-populated\">\n\t\t\t\t\t\t<div class=\"elementor-element elementor-element-1200d0ad elementor-widget elementor-widget-image\" data-id=\"1200d0ad\" data-element_type=\"widget\" data-e-type=\"widget\" data-widget_type=\"image.default\">\n\t\t\t\t<div class=\"elementor-widget-container\">\n\t\t\t\t\t\t\t\t\t\t\t\t\t\t\t<img decoding=\"async\" width=\"75\" height=\"33\" src=\"https:\/\/baginbox.rs\/wp-content\/uploads\/2019\/07\/logo-leaf-new.png\" class=\"attachment-large size-large wp-image-2518\" alt=\"\" \/>\t\t\t\t\t\t\t\t\t\t\t\t\t\t\t<\/div>\n\t\t\t\t<\/div>\n\t\t\t\t<div class=\"elementor-element elementor-element-3d53f433 elementor-widget elementor-widget-heading\" data-id=\"3d53f433\" data-element_type=\"widget\" data-e-type=\"widget\" data-widget_type=\"heading.default\">\n\t\t\t\t<div class=\"elementor-widget-container\">\n\t\t\t\t\t<h5 class=\"elementor-heading-title elementor-size-default\">Bag In Box<\/h5>\t\t\t\t<\/div>\n\t\t\t\t<\/div>\n\t\t\t\t<div class=\"elementor-element elementor-element-424a564b elementor-widget elementor-widget-image-box\" data-id=\"424a564b\" data-element_type=\"widget\" data-e-type=\"widget\" data-widget_type=\"image-box.default\">\n\t\t\t\t<div class=\"elementor-widget-container\">\n\t\t\t\t\t<div class=\"elementor-image-box-wrapper\"><div class=\"elementor-image-box-content\"><h1 class=\"elementor-image-box-title\">Bag In Box Ambala\u017ea<\/h1><p class=\"elementor-image-box-description\">Ambala\u017ea je namenjena za\njednokratnu upotrebu.<\/p><\/div><\/div>\t\t\t\t<\/div>\n\t\t\t\t<\/div>\n\t\t\t\t<div class=\"elementor-element elementor-element-482a4a3f elementor-align-left elementor-mobile-align-center elementor-tablet-align-left elementor-widget elementor-widget-button\" data-id=\"482a4a3f\" data-element_type=\"widget\" data-e-type=\"widget\" data-widget_type=\"button.default\">\n\t\t\t\t<div class=\"elementor-widget-container\">\n\t\t\t\t\t\t\t\t\t<div class=\"elementor-button-wrapper\">\n\t\t\t\t\t<a class=\"elementor-button elementor-button-link elementor-size-md\" href=\"https:\/\/baginbox.rs\/index.php\/shop\/\">\n\t\t\t\t\t\t<span class=\"elementor-button-content-wrapper\">\n\t\t\t\t\t\t<span class=\"elementor-button-icon\">\n\t\t\t\t<i aria-hidden=\"true\" class=\"fas fa-shopping-cart\"><\/i>\t\t\t<\/span>\n\t\t\t\t\t\t\t\t\t<span class=\"elementor-button-text\">PRODAVNICA<\/span>\n\t\t\t\t\t<\/span>\n\t\t\t\t\t<\/a>\n\t\t\t\t<\/div>\n\t\t\t\t\t\t\t\t<\/div>\n\t\t\t\t<\/div>\n\t\t\t\t\t<\/div>\n\t\t<\/div>\n\t\t\t\t\t<\/div>\n\t\t<\/section>\n\t\t\t\t<section class=\"elementor-section elementor-top-section elementor-element elementor-element-731164fa elementor-section-boxed elementor-section-height-default elementor-section-height-default\" data-id=\"731164fa\" data-element_type=\"section\" data-e-type=\"section\">\n\t\t\t\t\t\t<div class=\"elementor-container elementor-column-gap-default\">\n\t\t\t\t\t<div class=\"elementor-column elementor-col-100 elementor-top-column elementor-element elementor-element-7fec239a\" data-id=\"7fec239a\" data-element_type=\"column\" data-e-type=\"column\">\n\t\t\t<div class=\"elementor-widget-wrap elementor-element-populated\">\n\t\t\t\t\t\t<div class=\"elementor-element elementor-element-6cc6ea6e elementor-widget elementor-widget-image\" data-id=\"6cc6ea6e\" data-element_type=\"widget\" data-e-type=\"widget\" data-widget_type=\"image.default\">\n\t\t\t\t<div class=\"elementor-widget-container\">\n\t\t\t\t\t\t\t\t\t\t\t\t\t\t\t<img decoding=\"async\" width=\"209\" height=\"90\" src=\"https:\/\/baginbox.rs\/wp-content\/uploads\/2021\/03\/basil-leaf.png\" class=\"attachment-full size-full wp-image-4204\" alt=\"\" \/>\t\t\t\t\t\t\t\t\t\t\t\t\t\t\t<\/div>\n\t\t\t\t<\/div>\n\t\t\t\t\t<\/div>\n\t\t<\/div>\n\t\t\t\t\t<\/div>\n\t\t<\/section>\n\t\t\t\t<section class=\"elementor-section elementor-top-section elementor-element elementor-element-75b92fd0 elementor-section-boxed elementor-section-height-default elementor-section-height-default\" data-id=\"75b92fd0\" data-element_type=\"section\" data-e-type=\"section\">\n\t\t\t\t\t\t<div class=\"elementor-container elementor-column-gap-default\">\n\t\t\t\t\t<div class=\"elementor-column elementor-col-100 elementor-top-column elementor-element elementor-element-4760dd8\" data-id=\"4760dd8\" data-element_type=\"column\" data-e-type=\"column\">\n\t\t\t<div class=\"elementor-widget-wrap elementor-element-populated\">\n\t\t\t\t\t\t<div class=\"elementor-element elementor-element-bcd7497 elementor-widget elementor-widget-heading\" data-id=\"bcd7497\" data-element_type=\"widget\" data-e-type=\"widget\" data-widget_type=\"heading.default\">\n\t\t\t\t<div class=\"elementor-widget-container\">\n\t\t\t\t\t<h2 class=\"elementor-heading-title elementor-size-default\">Bag In Box Ambala\u017ea<\/h2>\t\t\t\t<\/div>\n\t\t\t\t<\/div>\n\t\t\t\t\t<\/div>\n\t\t<\/div>\n\t\t\t\t\t<\/div>\n\t\t<\/section>\n\t\t\t\t<section class=\"elementor-section elementor-top-section elementor-element elementor-element-27668f9c elementor-section-boxed elementor-section-height-default elementor-section-height-default\" data-id=\"27668f9c\" data-element_type=\"section\" data-e-type=\"section\">\n\t\t\t\t\t\t<div class=\"elementor-container elementor-column-gap-default\">\n\t\t\t\t\t<div class=\"elementor-column elementor-col-100 elementor-top-column elementor-element elementor-element-74cab7bb\" data-id=\"74cab7bb\" data-element_type=\"column\" data-e-type=\"column\">\n\t\t\t<div class=\"elementor-widget-wrap elementor-element-populated\">\n\t\t\t\t\t\t<div class=\"elementor-element elementor-element-69e4ea4a elementor-widget elementor-widget-text-editor\" data-id=\"69e4ea4a\" data-element_type=\"widget\" data-e-type=\"widget\" data-widget_type=\"text-editor.default\">\n\t\t\t\t<div class=\"elementor-widget-container\">\n\t\t\t\t\t\t\t\t\t<p><strong>Vakuum<\/strong><br \/>Dolazi u na\u0161im torbama stvaranje vakuuma pritiskom na specijalno patentiranoj slavini, \u0161to je velika prednost nad drugim ambala\u017eama.<\/p><p><strong>Skladi\u0161te<\/strong><br \/>pakovanje je ispod proseka te\u017eine i zapremine drugih vrsta ambala\u017ee namenjene za isti proizvod. Zato je neophodno znatno manje prostora za skladi\u0161tenje i transport.<\/p><p><strong>Sadr\u017eaj<\/strong><br \/>Neki od sadr\u017eaja unutra pakovanje iste kese u kutiji, (vino, ulje, mleko, voda, jaja\u2026<\/p><p><strong>Za\u0161tita<\/strong><br \/>Spre\u010dava se prodor kiseonika unutar pakovanja, i ne dolazi do oksidacije, a time i spre\u010dava razvoj mikroorganizama u<br \/>preostalom neiskori\u0161tenom sadr\u017eaju.<\/p><p><strong>Transport<\/strong><br \/>Za paletiranje vam nisu potrebne zbirne kartonske kutije, ve\u0107 se Bag in Box sla\u017eu direktno na paletu. Kao rezultat se pojavljuju ukupno\u00a0ni\u017ei manipulativni tro\u0161kovi.<\/p><p><strong>Dimenzije kesa:<\/strong> 3, 5, 10 i 20 lit<\/p><p>Bag in Box: bag (kesa) + slavina, \u0161pina, pipa, (VITOP ili druga) + Box (kutija)<\/p>\t\t\t\t\t\t\t\t<\/div>\n\t\t\t\t<\/div>\n\t\t\t\t\t<\/div>\n\t\t<\/div>\n\t\t\t\t\t<\/div>\n\t\t<\/section>\n\t\t\t\t<section class=\"elementor-section elementor-top-section elementor-element elementor-element-4de7e9a9 elementor-section-content-middle elementor-section-boxed elementor-section-height-default elementor-section-height-default\" data-id=\"4de7e9a9\" data-element_type=\"section\" data-e-type=\"section\" data-settings=\"{&quot;background_background&quot;:&quot;classic&quot;}\">\n\t\t\t\t\t\t<div class=\"elementor-container elementor-column-gap-no\">\n\t\t\t\t\t<div class=\"elementor-column elementor-col-50 elementor-top-column elementor-element elementor-element-38c7ab4d\" data-id=\"38c7ab4d\" data-element_type=\"column\" data-e-type=\"column\">\n\t\t\t<div class=\"elementor-widget-wrap elementor-element-populated\">\n\t\t\t\t\t\t<div class=\"elementor-element elementor-element-6787ce6a elementor-widget elementor-widget-heading\" data-id=\"6787ce6a\" data-element_type=\"widget\" data-e-type=\"widget\" data-widget_type=\"heading.default\">\n\t\t\t\t<div class=\"elementor-widget-container\">\n\t\t\t\t\t<h2 class=\"elementor-heading-title elementor-size-default\">Pogledajte na\u0161u kompletnu ponudu!<\/h2>\t\t\t\t<\/div>\n\t\t\t\t<\/div>\n\t\t\t\t\t<\/div>\n\t\t<\/div>\n\t\t\t\t<div class=\"elementor-column elementor-col-50 elementor-top-column elementor-element elementor-element-382f7044\" data-id=\"382f7044\" data-element_type=\"column\" data-e-type=\"column\">\n\t\t\t<div class=\"elementor-widget-wrap elementor-element-populated\">\n\t\t\t\t\t\t<div class=\"elementor-element elementor-element-12af7c71 elementor-align-left elementor-mobile-align-center elementor-tablet-align-center elementor-widget elementor-widget-button\" data-id=\"12af7c71\" data-element_type=\"widget\" data-e-type=\"widget\" data-widget_type=\"button.default\">\n\t\t\t\t<div class=\"elementor-widget-container\">\n\t\t\t\t\t\t\t\t\t<div class=\"elementor-button-wrapper\">\n\t\t\t\t\t<a class=\"elementor-button elementor-button-link elementor-size-md\" href=\"https:\/\/baginbox.rs\/index.php\/shop\/\">\n\t\t\t\t\t\t<span class=\"elementor-button-content-wrapper\">\n\t\t\t\t\t\t<span class=\"elementor-button-icon\">\n\t\t\t\t<i aria-hidden=\"true\" class=\"fas fa-shopping-cart\"><\/i>\t\t\t<\/span>\n\t\t\t\t\t\t\t\t\t<span class=\"elementor-button-text\">prodavnica<\/span>\n\t\t\t\t\t<\/span>\n\t\t\t\t\t<\/a>\n\t\t\t\t<\/div>\n\t\t\t\t\t\t\t\t<\/div>\n\t\t\t\t<\/div>\n\t\t\t\t\t<\/div>\n\t\t<\/div>\n\t\t\t\t\t<\/div>\n\t\t<\/section>\n\t\t\t\t<\/div>\n\t\t","protected":false},"excerpt":{"rendered":"<p>Bag In Box Bag In Box Ambala\u017ea Ambala\u017ea je namenjena za jednokratnu upotrebu. PRODAVNICA Bag In Box Ambala\u017ea VakuumDolazi u na\u0161im torbama stvaranje vakuuma pritiskom na specijalno patentiranoj slavini, \u0161to je velika prednost nad drugim ambala\u017eama. Skladi\u0161tepakovanje je ispod proseka te\u017eine i zapremine drugih vrsta ambala\u017ee namenjene za isti proizvod. Zato je neophodno znatno manje [&hellip;]<\/p>\n","protected":false},"author":1,"featured_media":0,"parent":0,"menu_order":0,"comment_status":"closed","ping_status":"closed","template":"","meta":{"site-sidebar-layout":"no-sidebar","site-content-layout":"page-builder","ast-site-content-layout":"default","site-content-style":"default","site-sidebar-style":"default","ast-global-header-display":"","ast-banner-title-visibility":"","ast-main-header-display":"","ast-hfb-above-header-display":"","ast-hfb-below-header-display":"","ast-hfb-mobile-header-display":"","site-post-title":"disabled","ast-breadcrumbs-content":"","ast-featured-img":"disabled","footer-sml-layout":"","ast-disable-related-posts":"","theme-transparent-header-meta":"","adv-header-id-meta":"","stick-header-meta":"","header-above-stick-meta":"","header-main-stick-meta":"","header-below-stick-meta":"","astra-migrate-meta-layouts":"default","ast-page-background-enabled":"default","ast-page-background-meta":{"desktop":{"background-color":"","background-image":"","background-repeat":"repeat","background-position":"center center","background-size":"auto","background-attachment":"scroll","background-type":"","background-media":"","overlay-type":"","overlay-color":"","overlay-opacity":"","overlay-gradient":""},"tablet":{"background-color":"","background-image":"","background-repeat":"repeat","background-position":"center center","background-size":"auto","background-attachment":"scroll","background-type":"","background-media":"","overlay-type":"","overlay-color":"","overlay-opacity":"","overlay-gradient":""},"mobile":{"background-color":"","background-image":"","background-repeat":"repeat","background-position":"center center","background-size":"auto","background-attachment":"scroll","background-type":"","background-media":"","overlay-type":"","overlay-color":"","overlay-opacity":"","overlay-gradient":""}},"ast-content-background-meta":{"desktop":{"background-color":"var(--ast-global-color-5)","background-image":"","background-repeat":"repeat","background-position":"center center","background-size":"auto","background-attachment":"scroll","background-type":"","background-media":"","overlay-type":"","overlay-color":"","overlay-opacity":"","overlay-gradient":""},"tablet":{"background-color":"var(--ast-global-color-5)","background-image":"","background-repeat":"repeat","background-position":"center center","background-size":"auto","background-attachment":"scroll","background-type":"","background-media":"","overlay-type":"","overlay-color":"","overlay-opacity":"","overlay-gradient":""},"mobile":{"background-color":"var(--ast-global-color-5)","background-image":"","background-repeat":"repeat","background-position":"center center","background-size":"auto","background-attachment":"scroll","background-type":"","background-media":"","overlay-type":"","overlay-color":"","overlay-opacity":"","overlay-gradient":""}},"footnotes":""},"class_list":["post-5121","page","type-page","status-publish","hentry"],"_links":{"self":[{"href":"https:\/\/baginbox.rs\/index.php\/wp-json\/wp\/v2\/pages\/5121","targetHints":{"allow":["GET"]}}],"collection":[{"href":"https:\/\/baginbox.rs\/index.php\/wp-json\/wp\/v2\/pages"}],"about":[{"href":"https:\/\/baginbox.rs\/index.php\/wp-json\/wp\/v2\/types\/page"}],"author":[{"embeddable":true,"href":"https:\/\/baginbox.rs\/index.php\/wp-json\/wp\/v2\/users\/1"}],"replies":[{"embeddable":true,"href":"https:\/\/baginbox.rs\/index.php\/wp-json\/wp\/v2\/comments?post=5121"}],"version-history":[{"count":13,"href":"https:\/\/baginbox.rs\/index.php\/wp-json\/wp\/v2\/pages\/5121\/revisions"}],"predecessor-version":[{"id":5220,"href":"https:\/\/baginbox.rs\/index.php\/wp-json\/wp\/v2\/pages\/5121\/revisions\/5220"}],"wp:attachment":[{"href":"https:\/\/baginbox.rs\/index.php\/wp-json\/wp\/v2\/media?parent=5121"}],"curies":[{"name":"wp","href":"https:\/\/api.w.org\/{rel}","templated":true}]}}